{"id":569,"date":"2025-04-26T12:35:57","date_gmt":"2025-04-26T09:35:57","guid":{"rendered":"https:\/\/villaakturk.com\/iletisim\/"},"modified":"2025-05-15T22:23:02","modified_gmt":"2025-05-15T19:23:02","slug":"iletisim","status":"publish","type":"page","link":"https:\/\/villaakturk.com\/ar\/iletisim\/","title":{"rendered":"\u0130LET\u0130\u015e\u0130M"},"content":{"rendered":"<div id='av-layout-grid-1'  class='av-layout-grid-container av-macvksjs-73ac49064547ef8ca3b13350ce14a968 entry-content-wrapper main_color av-flex-cells av-break-at-tablet  avia-builder-el-0  avia-builder-el-no-sibling  av-cell-min-height av-cell-min-height-100  container_wrap sidebar_right'   data-av_minimum_height_pc='100'>\n\n<style type=\"text\/css\" data-created_by=\"avia_inline_auto\" id=\"style-css-av-1hgwv-53a885116f6b223d6964e81751dbece4\">\n.flex_cell.av-1hgwv-53a885116f6b223d6964e81751dbece4{\nvertical-align:top;\nbackground-color:#01342d;\n}\n<\/style>\n<div class='flex_cell av-1hgwv-53a885116f6b223d6964e81751dbece4 av-gridrow-cell av_one_fifth no_margin  avia-builder-el-1  el_before_av_cell_four_fifth  avia-builder-el-first ' ><div class='flex_cell_inner'><div class='flex_column_table av-4243j-30f48c3bc14e8aadb4d2b24a6d57e624 sc-av_one_full av-equal-height-column-flextable'>\n<style type=\"text\/css\" data-created_by=\"avia_inline_auto\" id=\"style-css-av-4243j-30f48c3bc14e8aadb4d2b24a6d57e624\">\n.flex_column.av-4243j-30f48c3bc14e8aadb4d2b24a6d57e624{\npadding:30px 30px 30px 30px;\nbackground-color:#01342d;\n}\n.avia_transform .flex_column.av-4243j-30f48c3bc14e8aadb4d2b24a6d57e624{\n-webkit-animation-duration:2s;\n-moz-animation-duration:2s;\nanimation-duration:2s;\n}\n<\/style>\n<div  class='flex_column av-4243j-30f48c3bc14e8aadb4d2b24a6d57e624 av_one_full  avia-builder-el-2  avia-builder-el-no-sibling  first no_margin flex_column_table_cell av-equal-height-column av-align-top av-animated-generic bottom-to-top  '     ><p>\n<style type=\"text\/css\" data-created_by=\"avia_inline_auto\" id=\"style-css-av-m9y20tm4-586ea03c1c49549f9dc29b55f5cc9240\">\n#top .av-special-heading.av-m9y20tm4-586ea03c1c49549f9dc29b55f5cc9240{\npadding-bottom:10px;\ncolor:#ffffff;\n}\nbody .av-special-heading.av-m9y20tm4-586ea03c1c49549f9dc29b55f5cc9240 .av-special-heading-tag .heading-char{\nfont-size:25px;\n}\n.av-special-heading.av-m9y20tm4-586ea03c1c49549f9dc29b55f5cc9240 .special-heading-inner-border{\nborder-color:#ffffff;\n}\n.av-special-heading.av-m9y20tm4-586ea03c1c49549f9dc29b55f5cc9240 .av-subheading{\nfont-size:15px;\n}\n<\/style>\n<div  class='av-special-heading av-m9y20tm4-586ea03c1c49549f9dc29b55f5cc9240 av-special-heading-h3 custom-color-heading  avia-builder-el-3  el_before_av_textblock  avia-builder-el-first '><h3 class='av-special-heading-tag'  itemprop=\"headline\"  >\u0130LET\u0130\u015e\u0130M<\/h3><div class=\"special-heading-border\"><div class=\"special-heading-inner-border\"><\/div><\/div><\/div><br \/>\n\n<style type=\"text\/css\" data-created_by=\"avia_inline_auto\" id=\"style-css-av-m9y21quc-37c23d87117b51f7b026baf25e31cb2d\">\n#top .av_textblock_section.av-m9y21quc-37c23d87117b51f7b026baf25e31cb2d .avia_textblock{\ncolor:#ffffff;\n}\n<\/style>\n<section  class='av_textblock_section av-m9y21quc-37c23d87117b51f7b026baf25e31cb2d '   itemscope=\"itemscope\" itemtype=\"https:\/\/schema.org\/CreativeWork\" ><div class='avia_textblock av_inherit_color'  itemprop=\"text\" ><p>Adres: Fuga Panorama Sitesi Koyunbaba Mah.1366 Sk. No.11 J-1 Bodrum &#8211; Mu\u011fla   <\/p>\n<p>Tel: <a href=\"tel:\/\/+905387739090\" target=\"_blank\" rel=\"noopener\">+90 538 773 90 90<\/a><\/p>\n<p>E-mail: <a href=\"mailto:info@villaakturk.com\">info@villaakturk.com<\/a><\/p>\n<\/div><\/section><br \/>\n<form action=\"https:\/\/villaakturk.com\/ar\/iletisim\/\" method=\"post\" data-fields-with-error=\"Found errors in the following field(s):\" class=\"avia_ajax_form av-form-labels-hidden   avia-builder-el-5  el_after_av_textblock  avia-builder-el-last  av-custom-form-color av-light-form \" data-avia-form-id=\"1\" data-avia-redirect='' ><h3 class=''>\u0130leti\u015fim Formu<\/h3><fieldset><p class='  first_form  form_element form_fullwidth' id='element_avia_1_1'><label for=\"avia_1_1\">\u0130sim <abbr class=\"required\" title=\"required\">*<\/abbr><\/label> <input name=\"avia_1_1\" class=\"text_input is_empty\" type=\"text\" id=\"avia_1_1\" value=\"\"  placeholder='\u0130sim*'\/><\/p><p class='  first_form  form_element form_fullwidth' id='element_avia_2_1'><label for=\"avia_2_1\">E-Posta <abbr class=\"required\" title=\"required\">*<\/abbr><\/label> <input name=\"avia_2_1\" class=\"text_input is_email\" type=\"text\" id=\"avia_2_1\" value=\"\"  placeholder='E-Posta*'\/><\/p><p class='  first_form  form_element form_fullwidth' id='element_avia_3_1'><label for=\"avia_3_1\">Konu <abbr class=\"required\" title=\"required\">*<\/abbr><\/label> <input name=\"avia_3_1\" class=\"text_input is_empty\" type=\"text\" id=\"avia_3_1\" value=\"\"  placeholder='Konu*'\/><\/p><p class='  first_form  form_element form_fullwidth' id='element_avia_4_1'><label for=\"avia_4_1\" class=\"textare_label hidden textare_label_avia_4_1\">Mesaj <abbr class=\"required\" title=\"required\">*<\/abbr><\/label><textarea  placeholder='Mesaj*' name=\"avia_4_1\" class=\"text_area is_empty\" cols=\"40\" rows=\"7\" id=\"avia_4_1\" ><\/textarea><\/p><p class=\"hidden\"><input type=\"text\" name=\"avia_5_1\" class=\"hidden \" id=\"avia_5_1\" value=\"\" \/><\/p><p class='   form_element form_fullwidth' id='element_avia_6_1'><span class='value_verifier_label'>2 + 5 = ?<\/span><input name=\"avia_6_1_verifier\" type=\"hidden\" id=\"avia_6_1_verifier\" value=\"645347277\"\/><label for=\"avia_6_1\">\u0641\u0636\u0644\u0627 .. \u062d\u0644 \u0627\u0644\u0645\u0639\u0627\u062f\u0644\u0629 \u0627\u0644\u0622\u062a\u064a\u0629 (\u062a\u0644\u0643 \u0648\u0633\u064a\u0644\u0629 \u0644\u0644\u062a\u0623\u0643\u062f \u0645\u0646 \u0623\u0646\u0643 \u0644\u0633\u062a \u0631\u0648\u0628\u0648\u062a :)) <abbr class=\"required\" title=\"required\">*<\/abbr><\/label><input name=\"avia_6_1\" class=\"text_input captcha\" type=\"text\" id=\"avia_6_1\" value=\"\"\/><\/p><p class=\"form_element \"><input type=\"hidden\" value=\"1\" name=\"avia_generated_form1\" \/><input type=\"submit\" value=\"G\u00f6nder\" class=\"button\"  data-sending-label=\"Sending\"\/><\/p><\/fieldset><\/form><div id=\"ajaxresponse_1\" class=\"ajaxresponse ajaxresponse_1 hidden\"><\/div><\/p><\/div><\/div><!--close column table wrapper. Autoclose: 1 -->\n<\/div><\/div>\n<style type=\"text\/css\" data-created_by=\"avia_inline_auto\" id=\"style-css-av-thvf-d71709dd855d33a247d7f765966b9c87\">\n.flex_cell.av-thvf-d71709dd855d33a247d7f765966b9c87{\nvertical-align:top;\n}\n.responsive #top #wrap_all .flex_cell.av-thvf-d71709dd855d33a247d7f765966b9c87{\npadding:0px 0px 0px 0px !important;\n}\n<\/style>\n<div class='flex_cell av-thvf-d71709dd855d33a247d7f765966b9c87 av-gridrow-cell av_four_fifth no_margin  avia-builder-el-6  el_after_av_cell_one_fifth  avia-builder-el-last  av-zero-padding' ><div class='flex_cell_inner'><div  class='flex_column av-v047-4ae5b26dccec1f2dd3134f8e51f4fa8f av_one_full  avia-builder-el-7  avia-builder-el-no-sibling  first flex_column_div  '     ><\/div>\n<\/div><\/div><\/div>\n","protected":false},"excerpt":{"rendered":"","protected":false},"author":1,"featured_media":0,"parent":0,"menu_order":0,"comment_status":"closed","ping_status":"closed","template":"","meta":{"_joinchat":[],"footnotes":""},"class_list":["post-569","page","type-page","status-publish","hentry"],"aioseo_notices":[],"_links":{"self":[{"href":"https:\/\/villaakturk.com\/ar\/wp-json\/wp\/v2\/pages\/569","targetHints":{"allow":["GET"]}}],"collection":[{"href":"https:\/\/villaakturk.com\/ar\/wp-json\/wp\/v2\/pages"}],"about":[{"href":"https:\/\/villaakturk.com\/ar\/wp-json\/wp\/v2\/types\/page"}],"author":[{"embeddable":true,"href":"https:\/\/villaakturk.com\/ar\/wp-json\/wp\/v2\/users\/1"}],"replies":[{"embeddable":true,"href":"https:\/\/villaakturk.com\/ar\/wp-json\/wp\/v2\/comments?post=569"}],"version-history":[{"count":2,"href":"https:\/\/villaakturk.com\/ar\/wp-json\/wp\/v2\/pages\/569\/revisions"}],"predecessor-version":[{"id":571,"href":"https:\/\/villaakturk.com\/ar\/wp-json\/wp\/v2\/pages\/569\/revisions\/571"}],"wp:attachment":[{"href":"https:\/\/villaakturk.com\/ar\/wp-json\/wp\/v2\/media?parent=569"}],"curies":[{"name":"wp","href":"https:\/\/api.w.org\/{rel}","templated":true}]}}