{"id":572,"date":"2025-04-26T12:36:16","date_gmt":"2025-04-26T09:36:16","guid":{"rendered":"https:\/\/villaakturk.com\/rezervasyon\/"},"modified":"2025-05-15T22:23:47","modified_gmt":"2025-05-15T19:23:47","slug":"rezervasyon","status":"publish","type":"page","link":"https:\/\/villaakturk.com\/ar\/rezervasyon\/","title":{"rendered":"REZERVASYON"},"content":{"rendered":"\n<style type=\"text\/css\" data-created_by=\"avia_inline_auto\" id=\"style-css-av-m9y1n1sh-d14b13f48acd21578f83631382267713\">\n.avia-section.av-m9y1n1sh-d14b13f48acd21578f83631382267713{\nbackground-repeat:no-repeat;\nbackground-image:url(https:\/\/villaakturk.com\/wp-content\/uploads\/2025\/04\/Villa-Akturk-47.jpg);\nbackground-position:50% 50%;\nbackground-attachment:scroll;\n}\n<\/style>\n<div id='av_section_1'  class='avia-section av-m9y1n1sh-d14b13f48acd21578f83631382267713 main_color avia-section-default avia-no-border-styling  avia-builder-el-0  avia-builder-el-no-sibling  avia-full-stretch avia-bg-style-scroll av-minimum-height av-minimum-height-100 av-height-100  container_wrap sidebar_right'  data-section-bg-repeat='stretch' data-av_minimum_height_pc='100' data-av_min_height_opt='100'><div class='container av-section-cont-open' ><main  role=\"main\" itemprop=\"mainContentOfPage\"  class='template-page content  av-content-small alpha units'><div class='post-entry post-entry-type-page post-entry-572'><div class='entry-content-wrapper clearfix'>\n\n<style type=\"text\/css\" data-created_by=\"avia_inline_auto\" id=\"style-css-av-7d9p-2ed3eb9f9e5ea3f496189fcae9783d34\">\n.flex_column.av-7d9p-2ed3eb9f9e5ea3f496189fcae9783d34{\npadding:30px 30px 30px 30px;\nbackground-color:#ffffff;\n}\n.avia_transform .flex_column.av-7d9p-2ed3eb9f9e5ea3f496189fcae9783d34{\n-webkit-animation-duration:2s;\n-moz-animation-duration:2s;\nanimation-duration:2s;\n}\n<\/style>\n<div  class='flex_column av-7d9p-2ed3eb9f9e5ea3f496189fcae9783d34 av_two_fifth  avia-builder-el-1  el_before_av_three_fifth  avia-builder-el-first  first flex_column_div av-animated-generic bottom-to-top avia-full-stretch  '     ><p>\n<style type=\"text\/css\" data-created_by=\"avia_inline_auto\" id=\"style-css-av-m9y1rmna-7adca744cc5a7130d15814f16bec96f4\">\n#top .av-special-heading.av-m9y1rmna-7adca744cc5a7130d15814f16bec96f4{\npadding-bottom:10px;\n}\nbody .av-special-heading.av-m9y1rmna-7adca744cc5a7130d15814f16bec96f4 .av-special-heading-tag .heading-char{\nfont-size:25px;\n}\n.av-special-heading.av-m9y1rmna-7adca744cc5a7130d15814f16bec96f4 .av-subheading{\nfont-size:15px;\n}\n<\/style>\n<div  class='av-special-heading av-m9y1rmna-7adca744cc5a7130d15814f16bec96f4 av-special-heading-h3  avia-builder-el-2  el_before_av_contact  avia-builder-el-first '><h3 class='av-special-heading-tag'  itemprop=\"headline\"  >REZERVASYON FORMU<\/h3><div class=\"special-heading-border\"><div class=\"special-heading-inner-border\"><\/div><\/div><\/div><br \/>\n<form action=\"https:\/\/villaakturk.com\/ar\/rezervasyon\/\" method=\"post\" data-fields-with-error=\"Found errors in the following field(s):\" class=\"avia_ajax_form av-form-labels-hidden   avia-builder-el-3  el_after_av_heading  el_before_av_textblock  av-custom-form-color av-dark-form \" data-avia-form-id=\"1\" data-avia-redirect='' ><fieldset><p class='  first_form  form_element form_fullwidth' id='element_avia_1_1'><label for=\"avia_1_1\">Ad \/ Soyad <abbr class=\"required\" title=\"required\">*<\/abbr><\/label> <input name=\"avia_1_1\" class=\"text_input is_empty\" type=\"text\" id=\"avia_1_1\" value=\"\"  placeholder='Ad \/ Soyad*'\/><\/p><p class='  first_form  form_element form_fullwidth' id='element_avia_2_1'><label for=\"avia_2_1\">E-Posta <abbr class=\"required\" title=\"required\">*<\/abbr><\/label> <input name=\"avia_2_1\" class=\"text_input is_email\" type=\"text\" id=\"avia_2_1\" value=\"\"  placeholder='E-Posta*'\/><\/p><p class='  first_form  form_element form_fullwidth' id='element_avia_3_1'><label for=\"avia_3_1\">Telefon <abbr class=\"required\" title=\"required\">*<\/abbr><\/label> <input name=\"avia_3_1\" class=\"text_input is_phone\" type=\"text\" id=\"avia_3_1\" value=\"\"  placeholder='Telefon*'\/><\/p><p class='  first_form  form_element form_fullwidth' id='element_avia_4_1'><label for=\"avia_4_1\">Giri\u015f Tarihi <abbr class=\"required\" title=\"required\">*<\/abbr><\/label> <input name=\"avia_4_1\" class=\"avia_datepicker text_input is_empty\" type=\"text\" id=\"avia_4_1\" value=\"\" placeholder=\"Giri\u015f Tarihi*\" \/><\/p><p class='  first_form  form_element form_fullwidth' id='element_avia_5_1'><label for=\"avia_5_1\">\u00c7\u0131k\u0131\u015f Tarihi <abbr class=\"required\" title=\"required\">*<\/abbr><\/label> <input name=\"avia_5_1\" class=\"avia_datepicker text_input is_empty\" type=\"text\" id=\"avia_5_1\" value=\"\" placeholder=\"\u00c7\u0131k\u0131\u015f Tarihi*\" \/><\/p><p class='  first_form  form_element form_fullwidth' id='element_avia_6_1'><label for=\"avia_6_1\">Ki\u015fi Say\u0131s\u0131 <abbr class=\"required\" title=\"required\">*<\/abbr><\/label><select  name=\"avia_6_1\" class=\"select is_empty\" id=\"avia_6_1\"><option class=\"av-placeholder\" disabled=\"disabled\" selected=\"selected\" value=''>Ki\u015fi Say\u0131s\u0131*<\/option><option   value='1'>1<\/option><option   value='2'>2<\/option><option   value='3'>3<\/option><option   value='4'>4<\/option><option   value='5'>5<\/option><option   value='6'>6<\/option><\/select><\/p><p class='  first_form  form_element form_fullwidth' id='element_avia_7_1'><label for=\"avia_7_1\" class=\"textare_label hidden textare_label_avia_7_1\">Mesaj\u0131n\u0131z <abbr class=\"required\" title=\"required\">*<\/abbr><\/label><textarea  placeholder='Mesaj\u0131n\u0131z*' name=\"avia_7_1\" class=\"text_area is_empty\" cols=\"40\" rows=\"7\" id=\"avia_7_1\" ><\/textarea><\/p><p class=\"hidden\"><input type=\"text\" name=\"avia_8_1\" class=\"hidden \" id=\"avia_8_1\" value=\"\" \/><\/p><p class='   form_element form_fullwidth' id='element_avia_9_1'><span class='value_verifier_label'>2 + 1 = ?<\/span><input name=\"avia_9_1_verifier\" type=\"hidden\" id=\"avia_9_1_verifier\" value=\"841577366\"\/><label for=\"avia_9_1\">\u0641\u0636\u0644\u0627 .. \u062d\u0644 \u0627\u0644\u0645\u0639\u0627\u062f\u0644\u0629 \u0627\u0644\u0622\u062a\u064a\u0629 (\u062a\u0644\u0643 \u0648\u0633\u064a\u0644\u0629 \u0644\u0644\u062a\u0623\u0643\u062f \u0645\u0646 \u0623\u0646\u0643 \u0644\u0633\u062a \u0631\u0648\u0628\u0648\u062a :)) <abbr class=\"required\" title=\"required\">*<\/abbr><\/label><input name=\"avia_9_1\" class=\"text_input captcha\" type=\"text\" id=\"avia_9_1\" value=\"\"\/><\/p><p class=\"form_element \"><input type=\"hidden\" value=\"1\" name=\"avia_generated_form1\" \/><input type=\"submit\" value=\"Rezervasyon\" class=\"button\"  data-sending-label=\"Sending\"\/><\/p><\/fieldset><\/form><div id=\"ajaxresponse_1\" class=\"ajaxresponse ajaxresponse_1 hidden\"><\/div><br \/>\n<section  class='av_textblock_section av-m9y1qpgj-49db81ad96e28e45dbd539dc7ea45c78 '   itemscope=\"itemscope\" itemtype=\"https:\/\/schema.org\/CreativeWork\" ><div class='avia_textblock'  itemprop=\"text\" ><p>Rezervasyon onay\u0131 i\u00e7in sizinle ileti\u015fime ge\u00e7ilecektir.<\/p>\n<\/div><\/section><\/p><\/div><div  class='flex_column av-wc41-eb423fa32f4743e98d57da43a9da1c9e av_three_fifth  avia-builder-el-5  el_after_av_two_fifth  avia-builder-el-last  flex_column_div  '     ><\/div>\n<\/div><\/div><\/main><!-- close content main element --><\/div><\/div><div id='after_section_1'  class='main_color av_default_container_wrap container_wrap sidebar_right'  ><div class='container av-section-cont-open' ><div class='template-page content  av-content-small alpha units'><div class='post-entry post-entry-type-page post-entry-572'><div class='entry-content-wrapper clearfix'>\n","protected":false},"excerpt":{"rendered":"","protected":false},"author":1,"featured_media":0,"parent":0,"menu_order":0,"comment_status":"closed","ping_status":"closed","template":"","meta":{"_joinchat":[],"footnotes":""},"class_list":["post-572","page","type-page","status-publish","hentry"],"aioseo_notices":[],"_links":{"self":[{"href":"https:\/\/villaakturk.com\/ar\/wp-json\/wp\/v2\/pages\/572","targetHints":{"allow":["GET"]}}],"collection":[{"href":"https:\/\/villaakturk.com\/ar\/wp-json\/wp\/v2\/pages"}],"about":[{"href":"https:\/\/villaakturk.com\/ar\/wp-json\/wp\/v2\/types\/page"}],"author":[{"embeddable":true,"href":"https:\/\/villaakturk.com\/ar\/wp-json\/wp\/v2\/users\/1"}],"replies":[{"embeddable":true,"href":"https:\/\/villaakturk.com\/ar\/wp-json\/wp\/v2\/comments?post=572"}],"version-history":[{"count":1,"href":"https:\/\/villaakturk.com\/ar\/wp-json\/wp\/v2\/pages\/572\/revisions"}],"predecessor-version":[{"id":573,"href":"https:\/\/villaakturk.com\/ar\/wp-json\/wp\/v2\/pages\/572\/revisions\/573"}],"wp:attachment":[{"href":"https:\/\/villaakturk.com\/ar\/wp-json\/wp\/v2\/media?parent=572"}],"curies":[{"name":"wp","href":"https:\/\/api.w.org\/{rel}","templated":true}]}}